{"id":5631,"date":"2025-12-02T05:52:11","date_gmt":"2025-12-02T05:52:11","guid":{"rendered":"https:\/\/printlab3d.ee\/product\/triceratops-liikuvate-osadega-3d-manguasi\/"},"modified":"2026-01-07T20:25:13","modified_gmt":"2026-01-07T20:25:13","slug":"triceratops-liikuvate-osadega-3d-manguasi","status":"publish","type":"product","link":"https:\/\/printlab3d.ee\/ru\/product\/triceratops-liikuvate-osadega-3d-manguasi\/","title":{"rendered":"\u0422\u0440\u0438\u0446\u0435\u0440\u0430\u0442\u043e\u043f\u0441 \u2013 3D-\u0438\u0433\u0440\u0443\u0448\u043a\u0430 \u0441 \u043f\u043e\u0434\u0432\u0438\u0436\u043d\u044b\u043c\u0438 \u0447\u0430\u0441\u0442\u044f\u043c\u0438"},"content":{"rendered":"<p>Triceratops \u2013 liikuvate osadega 3D-dinosaurus, valmistatud kvaliteetsest ja keskkonnas\u00f5bralikust PLA-plastikust. V\u00e4rviline ja realistlik dinosaurus sobib suurep\u00e4raselt laste m\u00e4nguasjaks, s\u00fcnnip\u00e4evakingiks, j\u00f5ulukingituseks v\u00f5i kingiideeks dinosauruste f\u00e4nnidele.<\/p>\n<p>Figuur on vastupidav ja h\u00e4sti viimistletud, mist\u00f5ttu on see hea valik nii m\u00e4ngimiseks kui ka kollektsiooni t\u00e4iendamiseks.<\/p>\n<p>Sobib:<br \/>\n\u2013 j\u00f5ulu- ja uusaastakingiks<br \/>\n\u2013 lastele m\u00e4ngimiseks<br \/>\n\u2013 dinosauruste huvilistele<br \/>\n\u2013 kollektsion\u00e4\u00e4ridele<\/p>\n<p>Kui otsid pilkup\u00fc\u00fcdvat ja kvaliteetset 3D-dinosaurust, on see triceratops kindel valik.<\/p>\n","protected":false},"excerpt":{"rendered":"<p>Triceratops \u2013 liikuvate osadega 3D-dinosaurus, valmistatud kvaliteetsest ja keskkonnas\u00f5bralikust PLA-plastikust. V\u00e4rviline ja realistlik dinosaurus sobib suurep\u00e4raselt laste m\u00e4nguasjaks, s\u00fcnnip\u00e4evakingiks, j\u00f5ulukingituseks v\u00f5i kingiideeks dinosauruste f\u00e4nnidele. Figuur on vastupidav ja h\u00e4sti viimistletud, mist\u00f5ttu on see hea valik nii m\u00e4ngimiseks kui ka kollektsiooni t\u00e4iendamiseks. Sobib: \u2013 j\u00f5ulu- ja uusaastakingiks \u2013 lastele m\u00e4ngimiseks \u2013 dinosauruste huvilistele \u2013 kollektsion\u00e4\u00e4ridele Kui [&hellip;]<\/p>\n","protected":false},"featured_media":5334,"comment_status":"open","ping_status":"closed","template":"","meta":{"_acf_changed":false},"product_brand":[],"product_cat":[100,75,73],"product_tag":[],"class_list":{"0":"post-5631","1":"product","2":"type-product","3":"status-publish","4":"has-post-thumbnail","6":"product_cat-dinozavry","7":"product_cat-loomad-ru","8":"product_cat-manguasjad-ru","10":"first","11":"instock","12":"shipping-taxable","13":"purchasable","14":"product-type-simple"},"acf":[],"yoast_head":"<!-- This site is optimized with the Yoast SEO Premium plugin v26.2 (Yoast SEO v27.3) - https:\/\/yoast.com\/product\/yoast-seo-premium-wordpress\/ -->\n<title>\u0422\u0440\u0438\u0446\u0435\u0440\u0430\u0442\u043e\u043f\u0441 \u2013 3D-\u0438\u0433\u0440\u0443\u0448\u043a\u0430 \u0441 \u043f\u043e\u0434\u0432\u0438\u0436\u043d\u044b\u043c\u0438 \u0447\u0430\u0441\u0442\u044f\u043c\u0438 - PrintLab3D<\/title>\n<meta name=\"robots\" content=\"index, follow, max-snippet:-1, max-image-preview:large, max-video-preview:-1\" \/>\n<link rel=\"canonical\" href=\"https:\/\/printlab3d.ee\/ru\/product\/triceratops-liikuvate-osadega-3d-manguasi\/\" \/>\n<meta property=\"og:locale\" content=\"ru_RU\" \/>\n<meta property=\"og:type\" content=\"article\" \/>\n<meta property=\"og:title\" content=\"\u0422\u0440\u0438\u0446\u0435\u0440\u0430\u0442\u043e\u043f\u0441 \u2013 3D-\u0438\u0433\u0440\u0443\u0448\u043a\u0430 \u0441 \u043f\u043e\u0434\u0432\u0438\u0436\u043d\u044b\u043c\u0438 \u0447\u0430\u0441\u0442\u044f\u043c\u0438\" \/>\n<meta property=\"og:description\" content=\"Triceratops \u2013 liikuvate osadega 3D-dinosaurus, valmistatud kvaliteetsest ja keskkonnas\u00f5bralikust PLA-plastikust. V\u00e4rviline ja realistlik dinosaurus sobib suurep\u00e4raselt laste m\u00e4nguasjaks, s\u00fcnnip\u00e4evakingiks, j\u00f5ulukingituseks v\u00f5i kingiideeks dinosauruste f\u00e4nnidele. Figuur on vastupidav ja h\u00e4sti viimistletud, mist\u00f5ttu on see hea valik nii m\u00e4ngimiseks kui ka kollektsiooni t\u00e4iendamiseks. Sobib: \u2013 j\u00f5ulu- ja uusaastakingiks \u2013 lastele m\u00e4ngimiseks \u2013 dinosauruste huvilistele \u2013 kollektsion\u00e4\u00e4ridele Kui [&hellip;]\" \/>\n<meta property=\"og:url\" content=\"https:\/\/printlab3d.ee\/ru\/product\/triceratops-liikuvate-osadega-3d-manguasi\/\" \/>\n<meta property=\"og:site_name\" content=\"PrintLab3D\" \/>\n<meta property=\"article:publisher\" content=\"https:\/\/www.facebook.com\/p\/PrintLab-3D-61573595739597\/\" \/>\n<meta property=\"article:modified_time\" content=\"2026-01-07T20:25:13+00:00\" \/>\n<meta property=\"og:image\" content=\"https:\/\/printlab3d.ee\/wp-content\/uploads\/2025\/12\/1000019150.jpg\" \/>\n\t<meta property=\"og:image:width\" content=\"1200\" \/>\n\t<meta property=\"og:image:height\" content=\"1600\" \/>\n\t<meta property=\"og:image:type\" content=\"image\/jpeg\" \/>\n<meta name=\"twitter:card\" content=\"summary_large_image\" \/>\n<meta name=\"twitter:label1\" content=\"\u0426\u0435\u043d\u0430\" \/>\n\t<meta name=\"twitter:data1\" content=\"12,00&nbsp;&euro;\" \/>\n\t<meta name=\"twitter:label2\" content=\"\u0414\u043e\u0441\u0442\u0443\u043f\u043d\u043e\u0441\u0442\u044c\" \/>\n\t<meta name=\"twitter:data2\" content=\"\u0412 \u043d\u0430\u043b\u0438\u0447\u0438\u0438\" \/>\n<script type=\"application\/ld+json\" class=\"yoast-schema-graph\">{\"@context\":\"https:\\\/\\\/schema.org\",\"@graph\":[{\"@type\":\"WebPage\",\"@id\":\"https:\\\/\\\/printlab3d.ee\\\/ru\\\/product\\\/triceratops-liikuvate-osadega-3d-manguasi\\\/\",\"url\":\"https:\\\/\\\/printlab3d.ee\\\/ru\\\/product\\\/triceratops-liikuvate-osadega-3d-manguasi\\\/\",\"name\":\"\u0422\u0440\u0438\u0446\u0435\u0440\u0430\u0442\u043e\u043f\u0441 \u2013 3D-\u0438\u0433\u0440\u0443\u0448\u043a\u0430 \u0441 \u043f\u043e\u0434\u0432\u0438\u0436\u043d\u044b\u043c\u0438 \u0447\u0430\u0441\u0442\u044f\u043c\u0438 - PrintLab3D\",\"isPartOf\":{\"@id\":\"https:\\\/\\\/printlab3d.ee\\\/ru\\\/#website\"},\"primaryImageOfPage\":{\"@id\":\"https:\\\/\\\/printlab3d.ee\\\/ru\\\/product\\\/triceratops-liikuvate-osadega-3d-manguasi\\\/#primaryimage\"},\"image\":{\"@id\":\"https:\\\/\\\/printlab3d.ee\\\/ru\\\/product\\\/triceratops-liikuvate-osadega-3d-manguasi\\\/#primaryimage\"},\"thumbnailUrl\":\"https:\\\/\\\/printlab3d.ee\\\/wp-content\\\/uploads\\\/2025\\\/12\\\/1000019150.jpg\",\"datePublished\":\"2025-12-02T05:52:11+00:00\",\"dateModified\":\"2026-01-07T20:25:13+00:00\",\"breadcrumb\":{\"@id\":\"https:\\\/\\\/printlab3d.ee\\\/ru\\\/product\\\/triceratops-liikuvate-osadega-3d-manguasi\\\/#breadcrumb\"},\"inLanguage\":\"ru-RU\",\"potentialAction\":[{\"@type\":\"ReadAction\",\"target\":[\"https:\\\/\\\/printlab3d.ee\\\/ru\\\/product\\\/triceratops-liikuvate-osadega-3d-manguasi\\\/\"]}]},{\"@type\":\"ImageObject\",\"inLanguage\":\"ru-RU\",\"@id\":\"https:\\\/\\\/printlab3d.ee\\\/ru\\\/product\\\/triceratops-liikuvate-osadega-3d-manguasi\\\/#primaryimage\",\"url\":\"https:\\\/\\\/printlab3d.ee\\\/wp-content\\\/uploads\\\/2025\\\/12\\\/1000019150.jpg\",\"contentUrl\":\"https:\\\/\\\/printlab3d.ee\\\/wp-content\\\/uploads\\\/2025\\\/12\\\/1000019150.jpg\",\"width\":1200,\"height\":1600},{\"@type\":\"BreadcrumbList\",\"@id\":\"https:\\\/\\\/printlab3d.ee\\\/ru\\\/product\\\/triceratops-liikuvate-osadega-3d-manguasi\\\/#breadcrumb\",\"itemListElement\":[{\"@type\":\"ListItem\",\"position\":1,\"name\":\"Home\",\"item\":\"https:\\\/\\\/printlab3d.ee\\\/ru\\\/\"},{\"@type\":\"ListItem\",\"position\":2,\"name\":\"\u041c\u0430\u0433\u0430\u0437\u0438\u043d\",\"item\":\"https:\\\/\\\/printlab3d.ee\\\/ru\\\/shop-2\\\/\"},{\"@type\":\"ListItem\",\"position\":3,\"name\":\"\u0410\u043d\u0442\u0438\u0441\u0442\u0440\u0435\u0441\u0441 \u0438\u0433\u0440\u0443\u0448\u043a\u0438\",\"item\":\"https:\\\/\\\/printlab3d.ee\\\/ru\\\/product-category\\\/antistress-igrushki\\\/\"},{\"@type\":\"ListItem\",\"position\":4,\"name\":\"\u0414\u0438\u043d\u043e\u0437\u0430\u0432\u0440\u044b\",\"item\":\"https:\\\/\\\/printlab3d.ee\\\/ru\\\/product-category\\\/antistress-igrushki\\\/dinozavry\\\/\"},{\"@type\":\"ListItem\",\"position\":5,\"name\":\"\u0422\u0440\u0438\u0446\u0435\u0440\u0430\u0442\u043e\u043f\u0441 \u2013 3D-\u0438\u0433\u0440\u0443\u0448\u043a\u0430 \u0441 \u043f\u043e\u0434\u0432\u0438\u0436\u043d\u044b\u043c\u0438 \u0447\u0430\u0441\u0442\u044f\u043c\u0438\"}]},{\"@type\":\"WebSite\",\"@id\":\"https:\\\/\\\/printlab3d.ee\\\/ru\\\/#website\",\"url\":\"https:\\\/\\\/printlab3d.ee\\\/ru\\\/\",\"name\":\"PrintLab3D\",\"description\":\"Unikaalsed 3D m&auml;nguasjad ja kingitused\",\"publisher\":{\"@id\":\"https:\\\/\\\/printlab3d.ee\\\/ru\\\/#organization\"},\"potentialAction\":[{\"@type\":\"SearchAction\",\"target\":{\"@type\":\"EntryPoint\",\"urlTemplate\":\"https:\\\/\\\/printlab3d.ee\\\/ru\\\/?s={search_term_string}\"},\"query-input\":{\"@type\":\"PropertyValueSpecification\",\"valueRequired\":true,\"valueName\":\"search_term_string\"}}],\"inLanguage\":\"ru-RU\"},{\"@type\":\"Organization\",\"@id\":\"https:\\\/\\\/printlab3d.ee\\\/ru\\\/#organization\",\"name\":\"PrintLab3D\",\"url\":\"https:\\\/\\\/printlab3d.ee\\\/ru\\\/\",\"logo\":{\"@type\":\"ImageObject\",\"inLanguage\":\"ru-RU\",\"@id\":\"https:\\\/\\\/printlab3d.ee\\\/ru\\\/#\\\/schema\\\/logo\\\/image\\\/\",\"url\":\"https:\\\/\\\/printlab3d.ee\\\/wp-content\\\/uploads\\\/2026\\\/03\\\/cropped-printlab_logo_2.png\",\"contentUrl\":\"https:\\\/\\\/printlab3d.ee\\\/wp-content\\\/uploads\\\/2026\\\/03\\\/cropped-printlab_logo_2.png\",\"width\":512,\"height\":512,\"caption\":\"PrintLab3D\"},\"image\":{\"@id\":\"https:\\\/\\\/printlab3d.ee\\\/ru\\\/#\\\/schema\\\/logo\\\/image\\\/\"},\"sameAs\":[\"https:\\\/\\\/www.facebook.com\\\/p\\\/PrintLab-3D-61573595739597\\\/\",\"https:\\\/\\\/www.tiktok.com\\\/@printlab.3d5\",\"https:\\\/\\\/www.instagram.com\\\/prin_tlab3d\\\/\"]}]}<\/script>\n<meta property=\"product:price:amount\" content=\"12.00\" \/>\n<meta property=\"product:price:currency\" content=\"EUR\" \/>\n<meta property=\"og:availability\" content=\"instock\" \/>\n<meta property=\"product:availability\" content=\"instock\" \/>\n<meta property=\"product:condition\" content=\"new\" \/>\n<!-- \/ Yoast SEO Premium plugin. -->","yoast_head_json":{"title":"\u0422\u0440\u0438\u0446\u0435\u0440\u0430\u0442\u043e\u043f\u0441 \u2013 3D-\u0438\u0433\u0440\u0443\u0448\u043a\u0430 \u0441 \u043f\u043e\u0434\u0432\u0438\u0436\u043d\u044b\u043c\u0438 \u0447\u0430\u0441\u0442\u044f\u043c\u0438 - PrintLab3D","robots":{"index":"index","follow":"follow","max-snippet":"max-snippet:-1","max-image-preview":"max-image-preview:large","max-video-preview":"max-video-preview:-1"},"canonical":"https:\/\/printlab3d.ee\/ru\/product\/triceratops-liikuvate-osadega-3d-manguasi\/","og_locale":"ru_RU","og_type":"article","og_title":"\u0422\u0440\u0438\u0446\u0435\u0440\u0430\u0442\u043e\u043f\u0441 \u2013 3D-\u0438\u0433\u0440\u0443\u0448\u043a\u0430 \u0441 \u043f\u043e\u0434\u0432\u0438\u0436\u043d\u044b\u043c\u0438 \u0447\u0430\u0441\u0442\u044f\u043c\u0438","og_description":"Triceratops \u2013 liikuvate osadega 3D-dinosaurus, valmistatud kvaliteetsest ja keskkonnas\u00f5bralikust PLA-plastikust. V\u00e4rviline ja realistlik dinosaurus sobib suurep\u00e4raselt laste m\u00e4nguasjaks, s\u00fcnnip\u00e4evakingiks, j\u00f5ulukingituseks v\u00f5i kingiideeks dinosauruste f\u00e4nnidele. Figuur on vastupidav ja h\u00e4sti viimistletud, mist\u00f5ttu on see hea valik nii m\u00e4ngimiseks kui ka kollektsiooni t\u00e4iendamiseks. Sobib: \u2013 j\u00f5ulu- ja uusaastakingiks \u2013 lastele m\u00e4ngimiseks \u2013 dinosauruste huvilistele \u2013 kollektsion\u00e4\u00e4ridele Kui [&hellip;]","og_url":"https:\/\/printlab3d.ee\/ru\/product\/triceratops-liikuvate-osadega-3d-manguasi\/","og_site_name":"PrintLab3D","article_publisher":"https:\/\/www.facebook.com\/p\/PrintLab-3D-61573595739597\/","article_modified_time":"2026-01-07T20:25:13+00:00","og_image":[{"width":1200,"height":1600,"url":"https:\/\/printlab3d.ee\/wp-content\/uploads\/2025\/12\/1000019150.jpg","type":"image\/jpeg"}],"twitter_card":"summary_large_image","twitter_misc":{"\u0426\u0435\u043d\u0430":"12,00&nbsp;&euro;","\u0414\u043e\u0441\u0442\u0443\u043f\u043d\u043e\u0441\u0442\u044c":"\u0412 \u043d\u0430\u043b\u0438\u0447\u0438\u0438"},"schema":{"@context":"https:\/\/schema.org","@graph":[{"@type":"WebPage","@id":"https:\/\/printlab3d.ee\/ru\/product\/triceratops-liikuvate-osadega-3d-manguasi\/","url":"https:\/\/printlab3d.ee\/ru\/product\/triceratops-liikuvate-osadega-3d-manguasi\/","name":"\u0422\u0440\u0438\u0446\u0435\u0440\u0430\u0442\u043e\u043f\u0441 \u2013 3D-\u0438\u0433\u0440\u0443\u0448\u043a\u0430 \u0441 \u043f\u043e\u0434\u0432\u0438\u0436\u043d\u044b\u043c\u0438 \u0447\u0430\u0441\u0442\u044f\u043c\u0438 - PrintLab3D","isPartOf":{"@id":"https:\/\/printlab3d.ee\/ru\/#website"},"primaryImageOfPage":{"@id":"https:\/\/printlab3d.ee\/ru\/product\/triceratops-liikuvate-osadega-3d-manguasi\/#primaryimage"},"image":{"@id":"https:\/\/printlab3d.ee\/ru\/product\/triceratops-liikuvate-osadega-3d-manguasi\/#primaryimage"},"thumbnailUrl":"https:\/\/printlab3d.ee\/wp-content\/uploads\/2025\/12\/1000019150.jpg","datePublished":"2025-12-02T05:52:11+00:00","dateModified":"2026-01-07T20:25:13+00:00","breadcrumb":{"@id":"https:\/\/printlab3d.ee\/ru\/product\/triceratops-liikuvate-osadega-3d-manguasi\/#breadcrumb"},"inLanguage":"ru-RU","potentialAction":[{"@type":"ReadAction","target":["https:\/\/printlab3d.ee\/ru\/product\/triceratops-liikuvate-osadega-3d-manguasi\/"]}]},{"@type":"ImageObject","inLanguage":"ru-RU","@id":"https:\/\/printlab3d.ee\/ru\/product\/triceratops-liikuvate-osadega-3d-manguasi\/#primaryimage","url":"https:\/\/printlab3d.ee\/wp-content\/uploads\/2025\/12\/1000019150.jpg","contentUrl":"https:\/\/printlab3d.ee\/wp-content\/uploads\/2025\/12\/1000019150.jpg","width":1200,"height":1600},{"@type":"BreadcrumbList","@id":"https:\/\/printlab3d.ee\/ru\/product\/triceratops-liikuvate-osadega-3d-manguasi\/#breadcrumb","itemListElement":[{"@type":"ListItem","position":1,"name":"Home","item":"https:\/\/printlab3d.ee\/ru\/"},{"@type":"ListItem","position":2,"name":"\u041c\u0430\u0433\u0430\u0437\u0438\u043d","item":"https:\/\/printlab3d.ee\/ru\/shop-2\/"},{"@type":"ListItem","position":3,"name":"\u0410\u043d\u0442\u0438\u0441\u0442\u0440\u0435\u0441\u0441 \u0438\u0433\u0440\u0443\u0448\u043a\u0438","item":"https:\/\/printlab3d.ee\/ru\/product-category\/antistress-igrushki\/"},{"@type":"ListItem","position":4,"name":"\u0414\u0438\u043d\u043e\u0437\u0430\u0432\u0440\u044b","item":"https:\/\/printlab3d.ee\/ru\/product-category\/antistress-igrushki\/dinozavry\/"},{"@type":"ListItem","position":5,"name":"\u0422\u0440\u0438\u0446\u0435\u0440\u0430\u0442\u043e\u043f\u0441 \u2013 3D-\u0438\u0433\u0440\u0443\u0448\u043a\u0430 \u0441 \u043f\u043e\u0434\u0432\u0438\u0436\u043d\u044b\u043c\u0438 \u0447\u0430\u0441\u0442\u044f\u043c\u0438"}]},{"@type":"WebSite","@id":"https:\/\/printlab3d.ee\/ru\/#website","url":"https:\/\/printlab3d.ee\/ru\/","name":"PrintLab3D","description":"Unikaalsed 3D m&auml;nguasjad ja kingitused","publisher":{"@id":"https:\/\/printlab3d.ee\/ru\/#organization"},"potentialAction":[{"@type":"SearchAction","target":{"@type":"EntryPoint","urlTemplate":"https:\/\/printlab3d.ee\/ru\/?s={search_term_string}"},"query-input":{"@type":"PropertyValueSpecification","valueRequired":true,"valueName":"search_term_string"}}],"inLanguage":"ru-RU"},{"@type":"Organization","@id":"https:\/\/printlab3d.ee\/ru\/#organization","name":"PrintLab3D","url":"https:\/\/printlab3d.ee\/ru\/","logo":{"@type":"ImageObject","inLanguage":"ru-RU","@id":"https:\/\/printlab3d.ee\/ru\/#\/schema\/logo\/image\/","url":"https:\/\/printlab3d.ee\/wp-content\/uploads\/2026\/03\/cropped-printlab_logo_2.png","contentUrl":"https:\/\/printlab3d.ee\/wp-content\/uploads\/2026\/03\/cropped-printlab_logo_2.png","width":512,"height":512,"caption":"PrintLab3D"},"image":{"@id":"https:\/\/printlab3d.ee\/ru\/#\/schema\/logo\/image\/"},"sameAs":["https:\/\/www.facebook.com\/p\/PrintLab-3D-61573595739597\/","https:\/\/www.tiktok.com\/@printlab.3d5","https:\/\/www.instagram.com\/prin_tlab3d\/"]}]},"product_price_amount":"12.00","product_price_currency":"EUR","og_availability":"instock","product_availability":"instock","product_condition":"new"},"_links":{"self":[{"href":"https:\/\/printlab3d.ee\/ru\/wp-json\/wp\/v2\/product\/5631","targetHints":{"allow":["GET"]}}],"collection":[{"href":"https:\/\/printlab3d.ee\/ru\/wp-json\/wp\/v2\/product"}],"about":[{"href":"https:\/\/printlab3d.ee\/ru\/wp-json\/wp\/v2\/types\/product"}],"replies":[{"embeddable":true,"href":"https:\/\/printlab3d.ee\/ru\/wp-json\/wp\/v2\/comments?post=5631"}],"wp:featuredmedia":[{"embeddable":true,"href":"https:\/\/printlab3d.ee\/ru\/wp-json\/wp\/v2\/media\/5334"}],"wp:attachment":[{"href":"https:\/\/printlab3d.ee\/ru\/wp-json\/wp\/v2\/media?parent=5631"}],"wp:term":[{"taxonomy":"product_brand","embeddable":true,"href":"https:\/\/printlab3d.ee\/ru\/wp-json\/wp\/v2\/product_brand?post=5631"},{"taxonomy":"product_cat","embeddable":true,"href":"https:\/\/printlab3d.ee\/ru\/wp-json\/wp\/v2\/product_cat?post=5631"},{"taxonomy":"product_tag","embeddable":true,"href":"https:\/\/printlab3d.ee\/ru\/wp-json\/wp\/v2\/product_tag?post=5631"}],"curies":[{"name":"wp","href":"https:\/\/api.w.org\/{rel}","templated":true}]}}