{"id":5723,"date":"2025-11-11T22:09:29","date_gmt":"2025-11-11T22:09:29","guid":{"rendered":"https:\/\/printlab3d.ee\/product\/nuclearo-dinossauro-liikuv-3d-manguasi\/"},"modified":"2025-11-11T22:09:29","modified_gmt":"2025-11-11T22:09:29","slug":"nuclearo-dinossauro-liikuv-3d-manguasi","status":"publish","type":"product","link":"https:\/\/printlab3d.ee\/ru\/product\/nuclearo-dinossauro-liikuv-3d-manguasi\/","title":{"rendered":"Nuclearo Dinossauro &#8212; liikuv 3D-m\u00e4nguasi"},"content":{"rendered":"<p>Ainulaadne 3D-figuur, mis \u00fchendab endas dinosauruse j\u00f5u ja lennuki v\u00e4e \u2013 t\u00f5eliselt eriline m\u00e4nguasi igas vanuses lastele.<br \/>\nNuclearo Dinossaurol liiguvad tiivad, p\u00f6\u00f6rlevad saba ja pea \u2013 m\u00e4ng muutub t\u00f5eliselt elavaks ja p\u00f5nevaks.<\/p>\n<p>Valmistatud PLA-plastist, mis on ohutu ja keskkonnas\u00f5bralik materjal.<br \/>\nSuurep\u00e4rane valik kingituseks, kollektsiooni v\u00f5i lastele, kes armastavad dinosauruseid ja lennukeid.<\/p>\n","protected":false},"excerpt":{"rendered":"<p>Ainulaadne 3D-figuur, mis \u00fchendab endas dinosauruse j\u00f5u ja lennuki v\u00e4e \u2013 t\u00f5eliselt eriline m\u00e4nguasi igas vanuses lastele. Nuclearo Dinossaurol liiguvad tiivad, p\u00f6\u00f6rlevad saba ja pea \u2013 m\u00e4ng muutub t\u00f5eliselt elavaks ja p\u00f5nevaks. Valmistatud PLA-plastist, mis on ohutu ja keskkonnas\u00f5bralik materjal. Suurep\u00e4rane valik kingituseks, kollektsiooni v\u00f5i lastele, kes armastavad dinosauruseid ja lennukeid.<\/p>\n","protected":false},"featured_media":5136,"comment_status":"open","ping_status":"closed","template":"","meta":{"_acf_changed":false},"product_brand":[],"product_cat":[73,74],"product_tag":[],"class_list":{"0":"post-5723","1":"product","2":"type-product","3":"status-publish","4":"has-post-thumbnail","6":"product_cat-manguasjad-ru","7":"product_cat-internetimeemid-ru","9":"first","10":"instock","11":"shipping-taxable","12":"purchasable","13":"product-type-simple"},"acf":[],"yoast_head":"<!-- This site is optimized with the Yoast SEO Premium plugin v26.2 (Yoast SEO v27.3) - https:\/\/yoast.com\/product\/yoast-seo-premium-wordpress\/ -->\n<title>Nuclearo Dinossauro - liikuv 3D-m\u00e4nguasi - PrintLab3D<\/title>\n<meta name=\"robots\" content=\"index, follow, max-snippet:-1, max-image-preview:large, max-video-preview:-1\" \/>\n<link rel=\"canonical\" href=\"https:\/\/printlab3d.ee\/ru\/product\/nuclearo-dinossauro-liikuv-3d-manguasi\/\" \/>\n<meta property=\"og:locale\" content=\"ru_RU\" \/>\n<meta property=\"og:type\" content=\"article\" \/>\n<meta property=\"og:title\" content=\"Nuclearo Dinossauro - liikuv 3D-m\u00e4nguasi\" \/>\n<meta property=\"og:description\" content=\"Ainulaadne 3D-figuur, mis \u00fchendab endas dinosauruse j\u00f5u ja lennuki v\u00e4e \u2013 t\u00f5eliselt eriline m\u00e4nguasi igas vanuses lastele. Nuclearo Dinossaurol liiguvad tiivad, p\u00f6\u00f6rlevad saba ja pea \u2013 m\u00e4ng muutub t\u00f5eliselt elavaks ja p\u00f5nevaks. Valmistatud PLA-plastist, mis on ohutu ja keskkonnas\u00f5bralik materjal. Suurep\u00e4rane valik kingituseks, kollektsiooni v\u00f5i lastele, kes armastavad dinosauruseid ja lennukeid.\" \/>\n<meta property=\"og:url\" content=\"https:\/\/printlab3d.ee\/ru\/product\/nuclearo-dinossauro-liikuv-3d-manguasi\/\" \/>\n<meta property=\"og:site_name\" content=\"PrintLab3D\" \/>\n<meta property=\"article:publisher\" content=\"https:\/\/www.facebook.com\/p\/PrintLab-3D-61573595739597\/\" \/>\n<meta name=\"twitter:card\" content=\"summary_large_image\" \/>\n<meta name=\"twitter:label1\" content=\"\u0426\u0435\u043d\u0430\" \/>\n\t<meta name=\"twitter:data1\" content=\"9,00&nbsp;&euro;\" \/>\n\t<meta name=\"twitter:label2\" content=\"\u0414\u043e\u0441\u0442\u0443\u043f\u043d\u043e\u0441\u0442\u044c\" \/>\n\t<meta name=\"twitter:data2\" content=\"\u0412 \u043d\u0430\u043b\u0438\u0447\u0438\u0438\" \/>\n<script type=\"application\/ld+json\" class=\"yoast-schema-graph\">{\"@context\":\"https:\\\/\\\/schema.org\",\"@graph\":[{\"@type\":\"WebPage\",\"@id\":\"https:\\\/\\\/printlab3d.ee\\\/ru\\\/product\\\/nuclearo-dinossauro-liikuv-3d-manguasi\\\/\",\"url\":\"https:\\\/\\\/printlab3d.ee\\\/ru\\\/product\\\/nuclearo-dinossauro-liikuv-3d-manguasi\\\/\",\"name\":\"Nuclearo Dinossauro - liikuv 3D-m\u00e4nguasi - PrintLab3D\",\"isPartOf\":{\"@id\":\"https:\\\/\\\/printlab3d.ee\\\/ru\\\/#website\"},\"primaryImageOfPage\":{\"@id\":\"https:\\\/\\\/printlab3d.ee\\\/ru\\\/product\\\/nuclearo-dinossauro-liikuv-3d-manguasi\\\/#primaryimage\"},\"image\":{\"@id\":\"https:\\\/\\\/printlab3d.ee\\\/ru\\\/product\\\/nuclearo-dinossauro-liikuv-3d-manguasi\\\/#primaryimage\"},\"thumbnailUrl\":\"https:\\\/\\\/printlab3d.ee\\\/wp-content\\\/uploads\\\/2025\\\/11\\\/1000018451.jpg\",\"datePublished\":\"2025-11-11T22:09:29+00:00\",\"breadcrumb\":{\"@id\":\"https:\\\/\\\/printlab3d.ee\\\/ru\\\/product\\\/nuclearo-dinossauro-liikuv-3d-manguasi\\\/#breadcrumb\"},\"inLanguage\":\"ru-RU\",\"potentialAction\":[{\"@type\":\"ReadAction\",\"target\":[\"https:\\\/\\\/printlab3d.ee\\\/ru\\\/product\\\/nuclearo-dinossauro-liikuv-3d-manguasi\\\/\"]}]},{\"@type\":\"ImageObject\",\"inLanguage\":\"ru-RU\",\"@id\":\"https:\\\/\\\/printlab3d.ee\\\/ru\\\/product\\\/nuclearo-dinossauro-liikuv-3d-manguasi\\\/#primaryimage\",\"url\":\"https:\\\/\\\/printlab3d.ee\\\/wp-content\\\/uploads\\\/2025\\\/11\\\/1000018451.jpg\",\"contentUrl\":\"https:\\\/\\\/printlab3d.ee\\\/wp-content\\\/uploads\\\/2025\\\/11\\\/1000018451.jpg\",\"width\":1200,\"height\":1600},{\"@type\":\"BreadcrumbList\",\"@id\":\"https:\\\/\\\/printlab3d.ee\\\/ru\\\/product\\\/nuclearo-dinossauro-liikuv-3d-manguasi\\\/#breadcrumb\",\"itemListElement\":[{\"@type\":\"ListItem\",\"position\":1,\"name\":\"Home\",\"item\":\"https:\\\/\\\/printlab3d.ee\\\/ru\\\/\"},{\"@type\":\"ListItem\",\"position\":2,\"name\":\"\u041c\u0430\u0433\u0430\u0437\u0438\u043d\",\"item\":\"https:\\\/\\\/printlab3d.ee\\\/ru\\\/shop-2\\\/\"},{\"@type\":\"ListItem\",\"position\":3,\"name\":\"Nuclearo Dinossauro &#8212; liikuv 3D-m\u00e4nguasi\"}]},{\"@type\":\"WebSite\",\"@id\":\"https:\\\/\\\/printlab3d.ee\\\/ru\\\/#website\",\"url\":\"https:\\\/\\\/printlab3d.ee\\\/ru\\\/\",\"name\":\"PrintLab3D\",\"description\":\"Unikaalsed 3D m&auml;nguasjad ja kingitused\",\"publisher\":{\"@id\":\"https:\\\/\\\/printlab3d.ee\\\/ru\\\/#organization\"},\"potentialAction\":[{\"@type\":\"SearchAction\",\"target\":{\"@type\":\"EntryPoint\",\"urlTemplate\":\"https:\\\/\\\/printlab3d.ee\\\/ru\\\/?s={search_term_string}\"},\"query-input\":{\"@type\":\"PropertyValueSpecification\",\"valueRequired\":true,\"valueName\":\"search_term_string\"}}],\"inLanguage\":\"ru-RU\"},{\"@type\":\"Organization\",\"@id\":\"https:\\\/\\\/printlab3d.ee\\\/ru\\\/#organization\",\"name\":\"PrintLab3D\",\"url\":\"https:\\\/\\\/printlab3d.ee\\\/ru\\\/\",\"logo\":{\"@type\":\"ImageObject\",\"inLanguage\":\"ru-RU\",\"@id\":\"https:\\\/\\\/printlab3d.ee\\\/ru\\\/#\\\/schema\\\/logo\\\/image\\\/\",\"url\":\"https:\\\/\\\/printlab3d.ee\\\/wp-content\\\/uploads\\\/2026\\\/03\\\/cropped-printlab_logo_2.png\",\"contentUrl\":\"https:\\\/\\\/printlab3d.ee\\\/wp-content\\\/uploads\\\/2026\\\/03\\\/cropped-printlab_logo_2.png\",\"width\":512,\"height\":512,\"caption\":\"PrintLab3D\"},\"image\":{\"@id\":\"https:\\\/\\\/printlab3d.ee\\\/ru\\\/#\\\/schema\\\/logo\\\/image\\\/\"},\"sameAs\":[\"https:\\\/\\\/www.facebook.com\\\/p\\\/PrintLab-3D-61573595739597\\\/\",\"https:\\\/\\\/www.tiktok.com\\\/@printlab.3d5\",\"https:\\\/\\\/www.instagram.com\\\/prin_tlab3d\\\/\"]}]}<\/script>\n<meta property=\"product:price:amount\" content=\"9.00\" \/>\n<meta property=\"product:price:currency\" content=\"EUR\" \/>\n<meta property=\"og:availability\" content=\"instock\" \/>\n<meta property=\"product:availability\" content=\"instock\" \/>\n<meta property=\"product:condition\" content=\"new\" \/>\n<!-- \/ Yoast SEO Premium plugin. -->","yoast_head_json":{"title":"Nuclearo Dinossauro - liikuv 3D-m\u00e4nguasi - PrintLab3D","robots":{"index":"index","follow":"follow","max-snippet":"max-snippet:-1","max-image-preview":"max-image-preview:large","max-video-preview":"max-video-preview:-1"},"canonical":"https:\/\/printlab3d.ee\/ru\/product\/nuclearo-dinossauro-liikuv-3d-manguasi\/","og_locale":"ru_RU","og_type":"article","og_title":"Nuclearo Dinossauro - liikuv 3D-m\u00e4nguasi","og_description":"Ainulaadne 3D-figuur, mis \u00fchendab endas dinosauruse j\u00f5u ja lennuki v\u00e4e \u2013 t\u00f5eliselt eriline m\u00e4nguasi igas vanuses lastele. Nuclearo Dinossaurol liiguvad tiivad, p\u00f6\u00f6rlevad saba ja pea \u2013 m\u00e4ng muutub t\u00f5eliselt elavaks ja p\u00f5nevaks. Valmistatud PLA-plastist, mis on ohutu ja keskkonnas\u00f5bralik materjal. Suurep\u00e4rane valik kingituseks, kollektsiooni v\u00f5i lastele, kes armastavad dinosauruseid ja lennukeid.","og_url":"https:\/\/printlab3d.ee\/ru\/product\/nuclearo-dinossauro-liikuv-3d-manguasi\/","og_site_name":"PrintLab3D","article_publisher":"https:\/\/www.facebook.com\/p\/PrintLab-3D-61573595739597\/","twitter_card":"summary_large_image","twitter_misc":{"\u0426\u0435\u043d\u0430":"9,00&nbsp;&euro;","\u0414\u043e\u0441\u0442\u0443\u043f\u043d\u043e\u0441\u0442\u044c":"\u0412 \u043d\u0430\u043b\u0438\u0447\u0438\u0438"},"schema":{"@context":"https:\/\/schema.org","@graph":[{"@type":"WebPage","@id":"https:\/\/printlab3d.ee\/ru\/product\/nuclearo-dinossauro-liikuv-3d-manguasi\/","url":"https:\/\/printlab3d.ee\/ru\/product\/nuclearo-dinossauro-liikuv-3d-manguasi\/","name":"Nuclearo Dinossauro - liikuv 3D-m\u00e4nguasi - PrintLab3D","isPartOf":{"@id":"https:\/\/printlab3d.ee\/ru\/#website"},"primaryImageOfPage":{"@id":"https:\/\/printlab3d.ee\/ru\/product\/nuclearo-dinossauro-liikuv-3d-manguasi\/#primaryimage"},"image":{"@id":"https:\/\/printlab3d.ee\/ru\/product\/nuclearo-dinossauro-liikuv-3d-manguasi\/#primaryimage"},"thumbnailUrl":"https:\/\/printlab3d.ee\/wp-content\/uploads\/2025\/11\/1000018451.jpg","datePublished":"2025-11-11T22:09:29+00:00","breadcrumb":{"@id":"https:\/\/printlab3d.ee\/ru\/product\/nuclearo-dinossauro-liikuv-3d-manguasi\/#breadcrumb"},"inLanguage":"ru-RU","potentialAction":[{"@type":"ReadAction","target":["https:\/\/printlab3d.ee\/ru\/product\/nuclearo-dinossauro-liikuv-3d-manguasi\/"]}]},{"@type":"ImageObject","inLanguage":"ru-RU","@id":"https:\/\/printlab3d.ee\/ru\/product\/nuclearo-dinossauro-liikuv-3d-manguasi\/#primaryimage","url":"https:\/\/printlab3d.ee\/wp-content\/uploads\/2025\/11\/1000018451.jpg","contentUrl":"https:\/\/printlab3d.ee\/wp-content\/uploads\/2025\/11\/1000018451.jpg","width":1200,"height":1600},{"@type":"BreadcrumbList","@id":"https:\/\/printlab3d.ee\/ru\/product\/nuclearo-dinossauro-liikuv-3d-manguasi\/#breadcrumb","itemListElement":[{"@type":"ListItem","position":1,"name":"Home","item":"https:\/\/printlab3d.ee\/ru\/"},{"@type":"ListItem","position":2,"name":"\u041c\u0430\u0433\u0430\u0437\u0438\u043d","item":"https:\/\/printlab3d.ee\/ru\/shop-2\/"},{"@type":"ListItem","position":3,"name":"Nuclearo Dinossauro &#8212; liikuv 3D-m\u00e4nguasi"}]},{"@type":"WebSite","@id":"https:\/\/printlab3d.ee\/ru\/#website","url":"https:\/\/printlab3d.ee\/ru\/","name":"PrintLab3D","description":"Unikaalsed 3D m&auml;nguasjad ja kingitused","publisher":{"@id":"https:\/\/printlab3d.ee\/ru\/#organization"},"potentialAction":[{"@type":"SearchAction","target":{"@type":"EntryPoint","urlTemplate":"https:\/\/printlab3d.ee\/ru\/?s={search_term_string}"},"query-input":{"@type":"PropertyValueSpecification","valueRequired":true,"valueName":"search_term_string"}}],"inLanguage":"ru-RU"},{"@type":"Organization","@id":"https:\/\/printlab3d.ee\/ru\/#organization","name":"PrintLab3D","url":"https:\/\/printlab3d.ee\/ru\/","logo":{"@type":"ImageObject","inLanguage":"ru-RU","@id":"https:\/\/printlab3d.ee\/ru\/#\/schema\/logo\/image\/","url":"https:\/\/printlab3d.ee\/wp-content\/uploads\/2026\/03\/cropped-printlab_logo_2.png","contentUrl":"https:\/\/printlab3d.ee\/wp-content\/uploads\/2026\/03\/cropped-printlab_logo_2.png","width":512,"height":512,"caption":"PrintLab3D"},"image":{"@id":"https:\/\/printlab3d.ee\/ru\/#\/schema\/logo\/image\/"},"sameAs":["https:\/\/www.facebook.com\/p\/PrintLab-3D-61573595739597\/","https:\/\/www.tiktok.com\/@printlab.3d5","https:\/\/www.instagram.com\/prin_tlab3d\/"]}]},"product_price_amount":"9.00","product_price_currency":"EUR","og_availability":"instock","product_availability":"instock","product_condition":"new"},"_links":{"self":[{"href":"https:\/\/printlab3d.ee\/ru\/wp-json\/wp\/v2\/product\/5723","targetHints":{"allow":["GET"]}}],"collection":[{"href":"https:\/\/printlab3d.ee\/ru\/wp-json\/wp\/v2\/product"}],"about":[{"href":"https:\/\/printlab3d.ee\/ru\/wp-json\/wp\/v2\/types\/product"}],"replies":[{"embeddable":true,"href":"https:\/\/printlab3d.ee\/ru\/wp-json\/wp\/v2\/comments?post=5723"}],"wp:featuredmedia":[{"embeddable":true,"href":"https:\/\/printlab3d.ee\/ru\/wp-json\/wp\/v2\/media\/5136"}],"wp:attachment":[{"href":"https:\/\/printlab3d.ee\/ru\/wp-json\/wp\/v2\/media?parent=5723"}],"wp:term":[{"taxonomy":"product_brand","embeddable":true,"href":"https:\/\/printlab3d.ee\/ru\/wp-json\/wp\/v2\/product_brand?post=5723"},{"taxonomy":"product_cat","embeddable":true,"href":"https:\/\/printlab3d.ee\/ru\/wp-json\/wp\/v2\/product_cat?post=5723"},{"taxonomy":"product_tag","embeddable":true,"href":"https:\/\/printlab3d.ee\/ru\/wp-json\/wp\/v2\/product_tag?post=5723"}],"curies":[{"name":"wp","href":"https:\/\/api.w.org\/{rel}","templated":true}]}}